{"id":29,"date":"2025-08-13T03:21:23","date_gmt":"2025-08-13T03:21:23","guid":{"rendered":"https:\/\/agromundoexport.com\/index.php\/home\/"},"modified":"2025-09-29T19:19:10","modified_gmt":"2025-09-29T19:19:10","slug":"home","status":"publish","type":"page","link":"https:\/\/agromundoexport.com\/","title":{"rendered":"Home"},"content":{"rendered":"\n\n\n\n<p>\nEn AgroMundo Export nos dedicamos a la exportaci\u00f3n de productos agr\u00edcolas de la m\u00e1s alta calidad, asegurando que lleguen de manera segura y en \u00f3ptimas condiciones a mercados internacionales.\nCumplimos con los m\u00e1s estrictos est\u00e1ndares de calidad y trazabilidad, adapt\u00e1ndonos a las necesidades de nuestros clientes y garantizando un proceso de exportaci\u00f3n eficiente y confiable\n<\/p>\n<h2>Nuestros Producto<\/h2>\n\n\n<p>Red Globe, Sweet Globe, Sweet Celebration, Superior Seedless, Crimson Seedless, Flame Seedless, Thompson Seedless\n.<\/p>\n\n\n<p>Kent, Haden, Edward, Keitt, Tommy Atkins, Ataulfo.\n<\/p>\n\n\n\n\n<p>Hass, Zutano, Fuerte, Naba<\/p><div><br><\/div>\n\n\n<p>&nbsp;Biloxi, Emerald, Ventura, Corona, Roc\u00edo, Sekoya<\/p>\n\n\n\n\n<p>W. Murcott, Clementina, Satsuma, Tango\n<\/p><div><br><\/div>\n\n\n<p>Cavendish, William\n<\/p>\n\n\n\n\n<p>Kion\n<\/p><div><br><\/div>\n\n\n<p>Sutil, Tahit\u00ed <\/p>\n\n\n\n\n<p>Ajos<\/p><p><br><\/p>\n\n\n<p>Pasas<\/p><p><br><\/p>\n\n\n\n\n\n\n\n\n\n\n\n\n\n","protected":false},"excerpt":{"rendered":"","protected":false},"author":1,"featured_media":0,"parent":0,"menu_order":0,"comment_status":"closed","ping_status":"closed","template":"","meta":{"pagelayer_contact_templates":[],"_pagelayer_content":"","footnotes":""},"class_list":["post-29","page","type-page","status-publish","hentry"],"yoast_head":"<!-- This site is optimized with the Yoast SEO plugin v25.7 - https:\/\/yoast.com\/wordpress\/plugins\/seo\/ -->\n<title>Home - Agromundo Export SAC<\/title>\n<meta name=\"robots\" content=\"index, follow, max-snippet:-1, max-image-preview:large, max-video-preview:-1\" \/>\n<link rel=\"canonical\" href=\"https:\/\/agromundoexport.com\/\" \/>\n<meta property=\"og:locale\" content=\"es_ES\" \/>\n<meta property=\"og:type\" content=\"article\" \/>\n<meta property=\"og:title\" content=\"Home - Agromundo Export SAC\" \/>\n<meta property=\"og:url\" content=\"https:\/\/agromundoexport.com\/\" \/>\n<meta property=\"og:site_name\" content=\"Agromundo Export SAC\" \/>\n<meta property=\"article:modified_time\" content=\"2025-09-29T19:19:10+00:00\" \/>\n<meta name=\"twitter:card\" content=\"summary_large_image\" \/>\n<meta name=\"twitter:label1\" content=\"Tiempo de lectura\" \/>\n\t<meta name=\"twitter:data1\" content=\"1 minuto\" \/>\n<script type=\"application\/ld+json\" class=\"yoast-schema-graph\">{\"@context\":\"https:\/\/schema.org\",\"@graph\":[{\"@type\":\"WebPage\",\"@id\":\"https:\/\/agromundoexport.com\/\",\"url\":\"https:\/\/agromundoexport.com\/\",\"name\":\"Home - Agromundo Export SAC\",\"isPartOf\":{\"@id\":\"https:\/\/agromundoexport.com\/#website\"},\"datePublished\":\"2025-08-13T03:21:23+00:00\",\"dateModified\":\"2025-09-29T19:19:10+00:00\",\"breadcrumb\":{\"@id\":\"https:\/\/agromundoexport.com\/#breadcrumb\"},\"inLanguage\":\"es\",\"potentialAction\":[{\"@type\":\"ReadAction\",\"target\":[\"https:\/\/agromundoexport.com\/\"]}]},{\"@type\":\"BreadcrumbList\",\"@id\":\"https:\/\/agromundoexport.com\/#breadcrumb\",\"itemListElement\":[{\"@type\":\"ListItem\",\"position\":1,\"name\":\"Portada\",\"item\":\"https:\/\/agromundoexport.com\/\"},{\"@type\":\"ListItem\",\"position\":2,\"name\":\"Home\"}]},{\"@type\":\"WebSite\",\"@id\":\"https:\/\/agromundoexport.com\/#website\",\"url\":\"https:\/\/agromundoexport.com\/\",\"name\":\"Agromundo Export SAC\",\"description\":\"\",\"potentialAction\":[{\"@type\":\"SearchAction\",\"target\":{\"@type\":\"EntryPoint\",\"urlTemplate\":\"https:\/\/agromundoexport.com\/?s={search_term_string}\"},\"query-input\":{\"@type\":\"PropertyValueSpecification\",\"valueRequired\":true,\"valueName\":\"search_term_string\"}}],\"inLanguage\":\"es\"}]}<\/script>\n<!-- \/ Yoast SEO plugin. -->","yoast_head_json":{"title":"Home - Agromundo Export SAC","robots":{"index":"index","follow":"follow","max-snippet":"max-snippet:-1","max-image-preview":"max-image-preview:large","max-video-preview":"max-video-preview:-1"},"canonical":"https:\/\/agromundoexport.com\/","og_locale":"es_ES","og_type":"article","og_title":"Home - Agromundo Export SAC","og_url":"https:\/\/agromundoexport.com\/","og_site_name":"Agromundo Export SAC","article_modified_time":"2025-09-29T19:19:10+00:00","twitter_card":"summary_large_image","twitter_misc":{"Tiempo de lectura":"1 minuto"},"schema":{"@context":"https:\/\/schema.org","@graph":[{"@type":"WebPage","@id":"https:\/\/agromundoexport.com\/","url":"https:\/\/agromundoexport.com\/","name":"Home - Agromundo Export SAC","isPartOf":{"@id":"https:\/\/agromundoexport.com\/#website"},"datePublished":"2025-08-13T03:21:23+00:00","dateModified":"2025-09-29T19:19:10+00:00","breadcrumb":{"@id":"https:\/\/agromundoexport.com\/#breadcrumb"},"inLanguage":"es","potentialAction":[{"@type":"ReadAction","target":["https:\/\/agromundoexport.com\/"]}]},{"@type":"BreadcrumbList","@id":"https:\/\/agromundoexport.com\/#breadcrumb","itemListElement":[{"@type":"ListItem","position":1,"name":"Portada","item":"https:\/\/agromundoexport.com\/"},{"@type":"ListItem","position":2,"name":"Home"}]},{"@type":"WebSite","@id":"https:\/\/agromundoexport.com\/#website","url":"https:\/\/agromundoexport.com\/","name":"Agromundo Export SAC","description":"","potentialAction":[{"@type":"SearchAction","target":{"@type":"EntryPoint","urlTemplate":"https:\/\/agromundoexport.com\/?s={search_term_string}"},"query-input":{"@type":"PropertyValueSpecification","valueRequired":true,"valueName":"search_term_string"}}],"inLanguage":"es"}]}},"_links":{"self":[{"href":"https:\/\/agromundoexport.com\/index.php\/wp-json\/wp\/v2\/pages\/29","targetHints":{"allow":["GET"]}}],"collection":[{"href":"https:\/\/agromundoexport.com\/index.php\/wp-json\/wp\/v2\/pages"}],"about":[{"href":"https:\/\/agromundoexport.com\/index.php\/wp-json\/wp\/v2\/types\/page"}],"author":[{"embeddable":true,"href":"https:\/\/agromundoexport.com\/index.php\/wp-json\/wp\/v2\/users\/1"}],"replies":[{"embeddable":true,"href":"https:\/\/agromundoexport.com\/index.php\/wp-json\/wp\/v2\/comments?post=29"}],"version-history":[{"count":7,"href":"https:\/\/agromundoexport.com\/index.php\/wp-json\/wp\/v2\/pages\/29\/revisions"}],"predecessor-version":[{"id":177,"href":"https:\/\/agromundoexport.com\/index.php\/wp-json\/wp\/v2\/pages\/29\/revisions\/177"}],"wp:attachment":[{"href":"https:\/\/agromundoexport.com\/index.php\/wp-json\/wp\/v2\/media?parent=29"}],"curies":[{"name":"wp","href":"https:\/\/api.w.org\/{rel}","templated":true}]}}