{"id":27,"date":"2025-08-13T03:21:23","date_gmt":"2025-08-13T03:21:23","guid":{"rendered":"https:\/\/agromundoexport.com\/index.php\/about\/"},"modified":"2025-08-15T05:13:24","modified_gmt":"2025-08-15T05:13:24","slug":"about","status":"publish","type":"page","link":"https:\/\/agromundoexport.com\/index.php\/about\/","title":{"rendered":"About"},"content":{"rendered":"\n\n\n<p>Nos dedicamos a la exportaci\u00f3n de productos agr\u00edcolas de la m\u00e1s alta calidad, asegurando que lleguen de manera segura y en \u00f3ptimas condiciones a mercados internacionales.\nCumplimos con los m\u00e1s estrictos est\u00e1ndares de calidad y trazabilidad, adapt\u00e1ndonos a las necesidades de nuestros clientes y garantizando un proceso de exportaci\u00f3n eficiente y confiable\n.<\/p>\n\n\n\n\n<h4>Nuestros valores<\/h4>\n<h6>&#8211; Eficiencia<\/h6>\n<h6>&#8211; Compromiso<\/h6>\n<h6>&#8211; Adaptabilidad<\/h6>\n\n\n\n\n\n\n\n\n<h3>Nuestra Misi\u00f3n<\/h3>\n<h6><span style=\"font-weight: normal;\">Ofrecer soluciones integrales y personalizadas en agroexportaci\u00f3n que impulsen el crecimiento sostenible de nuestros clientes, garantizando un servicio eficiente, confiable y alineado con sus objetivos estrat\u00e9gicos en mercados internacionales.\n<\/span><\/h6>\n\n\n\n\n<h3>Nuestra Visi\u00f3n<\/h3>\n<h6><span style=\"font-weight: normal;\">Consolidarnos como el aliado estrat\u00e9gico a nivel nacional e internacional en agroexportaci\u00f3n, reconocidos por nuestra capacidad de adaptarnos a las necesidades del mercado global, nuestra versatilidad, compromiso y eficiencia en cada etapa del proceso exportador.\n<\/span><\/h6>\n\n\n\n\n\nNuestra Operaci\u00f3n&#8230; T\u00fa confianza\n\n\n\n\n\n<p><br><\/p>\n\n\n<p><br><\/p>\n\n\n<p><br><\/p>\n\n\n<p><br><\/p>\n\n\n\n\n\n\n<p>CERTIFICACIONES<\/p>\n\n\n\n\n\n\n\n\n\n<p>En MVL Group nos aseguramos de cumplir con los m\u00e1s altos est\u00e1ndares de seguridad alimentaria, calidad y sostenibilidad. Contamos con certificaciones que validan nuestro compromiso.\n<\/p>\n\n\n\n\n","protected":false},"excerpt":{"rendered":"","protected":false},"author":1,"featured_media":0,"parent":0,"menu_order":0,"comment_status":"closed","ping_status":"closed","template":"","meta":{"pagelayer_contact_templates":[],"_pagelayer_content":"","footnotes":""},"class_list":["post-27","page","type-page","status-publish","hentry"],"yoast_head":"<!-- This site is optimized with the Yoast SEO plugin v25.7 - https:\/\/yoast.com\/wordpress\/plugins\/seo\/ -->\n<title>About - Agromundo Export SAC<\/title>\n<meta name=\"robots\" content=\"index, follow, max-snippet:-1, max-image-preview:large, max-video-preview:-1\" \/>\n<link rel=\"canonical\" href=\"https:\/\/agromundoexport.com\/index.php\/about\/\" \/>\n<meta property=\"og:locale\" content=\"es_ES\" \/>\n<meta property=\"og:type\" content=\"article\" \/>\n<meta property=\"og:title\" content=\"About - Agromundo Export SAC\" \/>\n<meta property=\"og:url\" content=\"https:\/\/agromundoexport.com\/index.php\/about\/\" \/>\n<meta property=\"og:site_name\" content=\"Agromundo Export SAC\" \/>\n<meta property=\"article:modified_time\" content=\"2025-08-15T05:13:24+00:00\" \/>\n<meta name=\"twitter:card\" content=\"summary_large_image\" \/>\n<meta name=\"twitter:label1\" content=\"Tiempo de lectura\" \/>\n\t<meta name=\"twitter:data1\" content=\"1 minuto\" \/>\n<script type=\"application\/ld+json\" class=\"yoast-schema-graph\">{\"@context\":\"https:\/\/schema.org\",\"@graph\":[{\"@type\":\"WebPage\",\"@id\":\"https:\/\/agromundoexport.com\/index.php\/about\/\",\"url\":\"https:\/\/agromundoexport.com\/index.php\/about\/\",\"name\":\"About - Agromundo Export SAC\",\"isPartOf\":{\"@id\":\"https:\/\/agromundoexport.com\/#website\"},\"datePublished\":\"2025-08-13T03:21:23+00:00\",\"dateModified\":\"2025-08-15T05:13:24+00:00\",\"breadcrumb\":{\"@id\":\"https:\/\/agromundoexport.com\/index.php\/about\/#breadcrumb\"},\"inLanguage\":\"es\",\"potentialAction\":[{\"@type\":\"ReadAction\",\"target\":[\"https:\/\/agromundoexport.com\/index.php\/about\/\"]}]},{\"@type\":\"BreadcrumbList\",\"@id\":\"https:\/\/agromundoexport.com\/index.php\/about\/#breadcrumb\",\"itemListElement\":[{\"@type\":\"ListItem\",\"position\":1,\"name\":\"Portada\",\"item\":\"https:\/\/agromundoexport.com\/\"},{\"@type\":\"ListItem\",\"position\":2,\"name\":\"About\"}]},{\"@type\":\"WebSite\",\"@id\":\"https:\/\/agromundoexport.com\/#website\",\"url\":\"https:\/\/agromundoexport.com\/\",\"name\":\"Agromundo Export SAC\",\"description\":\"\",\"potentialAction\":[{\"@type\":\"SearchAction\",\"target\":{\"@type\":\"EntryPoint\",\"urlTemplate\":\"https:\/\/agromundoexport.com\/?s={search_term_string}\"},\"query-input\":{\"@type\":\"PropertyValueSpecification\",\"valueRequired\":true,\"valueName\":\"search_term_string\"}}],\"inLanguage\":\"es\"}]}<\/script>\n<!-- \/ Yoast SEO plugin. -->","yoast_head_json":{"title":"About - Agromundo Export SAC","robots":{"index":"index","follow":"follow","max-snippet":"max-snippet:-1","max-image-preview":"max-image-preview:large","max-video-preview":"max-video-preview:-1"},"canonical":"https:\/\/agromundoexport.com\/index.php\/about\/","og_locale":"es_ES","og_type":"article","og_title":"About - Agromundo Export SAC","og_url":"https:\/\/agromundoexport.com\/index.php\/about\/","og_site_name":"Agromundo Export SAC","article_modified_time":"2025-08-15T05:13:24+00:00","twitter_card":"summary_large_image","twitter_misc":{"Tiempo de lectura":"1 minuto"},"schema":{"@context":"https:\/\/schema.org","@graph":[{"@type":"WebPage","@id":"https:\/\/agromundoexport.com\/index.php\/about\/","url":"https:\/\/agromundoexport.com\/index.php\/about\/","name":"About - Agromundo Export SAC","isPartOf":{"@id":"https:\/\/agromundoexport.com\/#website"},"datePublished":"2025-08-13T03:21:23+00:00","dateModified":"2025-08-15T05:13:24+00:00","breadcrumb":{"@id":"https:\/\/agromundoexport.com\/index.php\/about\/#breadcrumb"},"inLanguage":"es","potentialAction":[{"@type":"ReadAction","target":["https:\/\/agromundoexport.com\/index.php\/about\/"]}]},{"@type":"BreadcrumbList","@id":"https:\/\/agromundoexport.com\/index.php\/about\/#breadcrumb","itemListElement":[{"@type":"ListItem","position":1,"name":"Portada","item":"https:\/\/agromundoexport.com\/"},{"@type":"ListItem","position":2,"name":"About"}]},{"@type":"WebSite","@id":"https:\/\/agromundoexport.com\/#website","url":"https:\/\/agromundoexport.com\/","name":"Agromundo Export SAC","description":"","potentialAction":[{"@type":"SearchAction","target":{"@type":"EntryPoint","urlTemplate":"https:\/\/agromundoexport.com\/?s={search_term_string}"},"query-input":{"@type":"PropertyValueSpecification","valueRequired":true,"valueName":"search_term_string"}}],"inLanguage":"es"}]}},"_links":{"self":[{"href":"https:\/\/agromundoexport.com\/index.php\/wp-json\/wp\/v2\/pages\/27","targetHints":{"allow":["GET"]}}],"collection":[{"href":"https:\/\/agromundoexport.com\/index.php\/wp-json\/wp\/v2\/pages"}],"about":[{"href":"https:\/\/agromundoexport.com\/index.php\/wp-json\/wp\/v2\/types\/page"}],"author":[{"embeddable":true,"href":"https:\/\/agromundoexport.com\/index.php\/wp-json\/wp\/v2\/users\/1"}],"replies":[{"embeddable":true,"href":"https:\/\/agromundoexport.com\/index.php\/wp-json\/wp\/v2\/comments?post=27"}],"version-history":[{"count":5,"href":"https:\/\/agromundoexport.com\/index.php\/wp-json\/wp\/v2\/pages\/27\/revisions"}],"predecessor-version":[{"id":172,"href":"https:\/\/agromundoexport.com\/index.php\/wp-json\/wp\/v2\/pages\/27\/revisions\/172"}],"wp:attachment":[{"href":"https:\/\/agromundoexport.com\/index.php\/wp-json\/wp\/v2\/media?parent=27"}],"curies":[{"name":"wp","href":"https:\/\/api.w.org\/{rel}","templated":true}]}}